{"id":2,"date":"2017-05-30T08:25:57","date_gmt":"2017-05-30T08:25:57","guid":{"rendered":"http:\/\/geranienwelt.ch\/wp\/?page_id=2"},"modified":"2020-02-26T18:20:06","modified_gmt":"2020-02-26T18:20:06","slug":"sample-page","status":"publish","type":"page","link":"https:\/\/geranienwelt.ch\/","title":{"rendered":"Startseite"},"content":{"rendered":"<p><em>\u201eEs git n\u00fct sch\u00f6ners uf der Loube, als ds Geranium, das chasch mer gloube!\u201c<\/em><\/p>\n<p>Von weither hat das Geranium den Weg auf unsere Lauben und Fenstersimse gefunden. Die Nationalblume ist ein Symbol der Migration und zeigt, wie weltoffen die Schweiz ist. Deshalb pflanzen wir Geranien und schm\u00fccken mit ihnen die Fassaden unserer D\u00f6rfer und St\u00e4dte.<\/p>\n<p><a href=\"http:\/\/geranienwelt.ch\/wp-content\/uploads\/2017\/05\/cropped-DSC01949-1-e1496319395707.jpg\"><img loading=\"lazy\" class=\"wp-image-148  aligncenter\" src=\"http:\/\/geranienwelt.ch\/wp-content\/uploads\/2017\/05\/cropped-DSC01949-1-e1496319395707-1024x729.jpg\" alt=\"\" width=\"581\" height=\"414\" srcset=\"https:\/\/geranienwelt.ch\/wp-content\/uploads\/2017\/05\/cropped-DSC01949-1-e1496319395707-1024x729.jpg 1024w, https:\/\/geranienwelt.ch\/wp-content\/uploads\/2017\/05\/cropped-DSC01949-1-e1496319395707-300x213.jpg 300w, https:\/\/geranienwelt.ch\/wp-content\/uploads\/2017\/05\/cropped-DSC01949-1-e1496319395707-768x546.jpg 768w, https:\/\/geranienwelt.ch\/wp-content\/uploads\/2017\/05\/cropped-DSC01949-1-e1496319395707.jpg 1400w, https:\/\/geranienwelt.ch\/wp-content\/uploads\/2017\/05\/cropped-DSC01949-1-e1496319395707-281x200.jpg 281w\" sizes=\"(max-width: 581px) 100vw, 581px\" \/><\/a><\/p>\n<p><em>\u00a0<\/em><\/p>\n<p>\u00dcberall in der Schweiz h\u00e4ngt es an Balkongel\u00e4ndern, schm\u00fcckt Fenstersimse oder ziert Gartenbeete: das Geranium. Die Pflanze hat einen Platz in unseren G\u00e4rten und T\u00f6pfen genauso wie in unseren Herzen gefunden, und das nicht nur, weil sie uns das Gef\u00fchl von Heimat gibt. Viele Menschen f\u00fchlen sich entwurzelt, weil sie ihre urspr\u00fcngliche Heimat verlassen haben, um hier eine neue zu finden. Das Geranium teilt diese Geschichte. Es ist eine entwurzelte Pflanze, die in einer fremden Welt ein neues Zuhause bekommen hat.<\/p>\n<p><em>\u00a0<\/em><\/p>\n<p><iframe loading=\"lazy\" title=\"MIT GERANIEN GEGEN DIE ENTWURZELUNG\" width=\"775\" height=\"436\" src=\"https:\/\/www.youtube.com\/embed\/YCMCQ6nY9Qw?feature=oembed\" frameborder=\"0\" allow=\"accelerometer; autoplay; encrypted-media; gyroscope; picture-in-picture\" allowfullscreen><\/iframe><\/p>\n<p><em>Setzen auch Sie ein Zeichen. Bieten Sie der Migration Platz auf Ihrem Balkon und schenken Sie Heimat.<\/em><\/p>\n","protected":false},"excerpt":{"rendered":"<p>\u201eEs git n\u00fct sch\u00f6ners uf der Loube, als ds Geranium, das chasch mer gloube!\u201c Von weither hat das Geranium den Weg auf unsere Lauben und Fenstersimse gefunden.&hellip; <span class=\"read-more\"><a class=\"more-link\" href=\"https:\/\/geranienwelt.ch\/\" rel=\"bookmark\"><span class=\"screen-reader-text\">&#8222;Startseite&#8220;<\/span> weiterlesen<\/a><\/span><\/p>\n","protected":false},"author":1,"featured_media":13,"parent":0,"menu_order":0,"comment_status":"closed","ping_status":"open","template":"","meta":[],"_links":{"self":[{"href":"https:\/\/geranienwelt.ch\/index.php?rest_route=\/wp\/v2\/pages\/2"}],"collection":[{"href":"https:\/\/geranienwelt.ch\/index.php?rest_route=\/wp\/v2\/pages"}],"about":[{"href":"https:\/\/geranienwelt.ch\/index.php?rest_route=\/wp\/v2\/types\/page"}],"author":[{"embeddable":true,"href":"https:\/\/geranienwelt.ch\/index.php?rest_route=\/wp\/v2\/users\/1"}],"replies":[{"embeddable":true,"href":"https:\/\/geranienwelt.ch\/index.php?rest_route=%2Fwp%2Fv2%2Fcomments&post=2"}],"version-history":[{"count":20,"href":"https:\/\/geranienwelt.ch\/index.php?rest_route=\/wp\/v2\/pages\/2\/revisions"}],"predecessor-version":[{"id":103643,"href":"https:\/\/geranienwelt.ch\/index.php?rest_route=\/wp\/v2\/pages\/2\/revisions\/103643"}],"wp:featuredmedia":[{"embeddable":true,"href":"https:\/\/geranienwelt.ch\/index.php?rest_route=\/wp\/v2\/media\/13"}],"wp:attachment":[{"href":"https:\/\/geranienwelt.ch\/index.php?rest_route=%2Fwp%2Fv2%2Fmedia&parent=2"}],"curies":[{"name":"wp","href":"https:\/\/api.w.org\/{rel}","templated":true}]}}