{"id":39,"date":"2017-05-30T14:40:33","date_gmt":"2017-05-30T14:40:33","guid":{"rendered":"http:\/\/geranienwelt.ch\/?page_id=39"},"modified":"2020-02-26T18:18:31","modified_gmt":"2020-02-26T18:18:31","slug":"ueber","status":"publish","type":"page","link":"https:\/\/geranienwelt.ch\/?page_id=39","title":{"rendered":"Das Geranium und die Schweiz"},"content":{"rendered":"<p>Das Geranium \u2013 eigentlich Pelargonium \u2013 ist eine Wildblume aus S\u00fcdafrika. Die Pflanze wurde mit einer holl\u00e4ndischen Schiffskompanie nach Europa eingeschifft. Aus den botanischen G\u00e4rten der Kolonialmacht Holland gelangte die Geranie bereits 1715 in die Schweiz.<\/p>\n<p>Seitdem wissen wir in der Schweiz unsere Balkone, Lauben und G\u00e4rten mit dieser kraftvoll leuchtenden Blume zu schm\u00fccken. Wo sie bl\u00fcht, weckt sie in uns ein Gef\u00fchl von Heimat. Wir haben das Geranium ins Herz geschlossen. Die Balkong\u00f6ttin ist nicht nur h\u00fcbsch, sondern wehrt mit ihren Duftstoffen Fliegen ab. Auch deswegen wird sie gerne unter die Fensterbank geh\u00e4ngt.<\/p>\n<p>Die indigene Bev\u00f6lkerung am Kap der Guten Hoffnung kennt und nutzt die Kr\u00e4fte unserer Nationalblume seit unz\u00e4hligen Gernerationen. Heute wird das Geranium in verschiedenen Zusammenh\u00e4ngen eingesetzt. Geranium-\u00d6l wirkt entspannend und nur wenige Tropfen beruhigen und lindern bei emotionaler Belastung, wenn man sich entwurzelt f\u00fchlt, und unterst\u00fctzen die Verarbeitung traumatischer Erlebnisse.<\/p>\n<p>Indem wir Geranien pflanzen, machen wir uns f\u00fcr eine weltoffene Schweiz stark. Wir wollen allen Mut machen, die sich entheimatet und entwurzelt f\u00fchlen, und ihnen unsere Solidarit\u00e4t bekunden. Deshalb schm\u00fccken wir in der Schweiz unsere Fassaden mit der Nationalblume mit Migrationshintergrund.<\/p>\n<div id='gallery-1' class='gallery galleryid-39 gallery-columns-3 gallery-size-medium'><figure class='gallery-item'>\n\t\t\t<div class='gallery-icon landscape'>\n\t\t\t\t<a href='https:\/\/geranienwelt.ch\/?attachment_id=181'><img width=\"300\" height=\"199\" src=\"https:\/\/geranienwelt.ch\/wp-content\/uploads\/2017\/05\/DSC02644-300x199.jpg\" class=\"attachment-medium size-medium\" alt=\"\" loading=\"lazy\" srcset=\"https:\/\/geranienwelt.ch\/wp-content\/uploads\/2017\/05\/DSC02644-300x199.jpg 300w, https:\/\/geranienwelt.ch\/wp-content\/uploads\/2017\/05\/DSC02644-768x510.jpg 768w, https:\/\/geranienwelt.ch\/wp-content\/uploads\/2017\/05\/DSC02644-1024x680.jpg 1024w, https:\/\/geranienwelt.ch\/wp-content\/uploads\/2017\/05\/DSC02644-301x200.jpg 301w\" sizes=\"(max-width: 300px) 100vw, 300px\" \/><\/a>\n\t\t\t<\/div><\/figure><figure class='gallery-item'>\n\t\t\t<div class='gallery-icon landscape'>\n\t\t\t\t<a href='https:\/\/geranienwelt.ch\/?attachment_id=179'><img width=\"300\" height=\"199\" src=\"https:\/\/geranienwelt.ch\/wp-content\/uploads\/2017\/05\/DSC02634-300x199.jpg\" class=\"attachment-medium size-medium\" alt=\"\" loading=\"lazy\" srcset=\"https:\/\/geranienwelt.ch\/wp-content\/uploads\/2017\/05\/DSC02634-300x199.jpg 300w, https:\/\/geranienwelt.ch\/wp-content\/uploads\/2017\/05\/DSC02634-768x510.jpg 768w, https:\/\/geranienwelt.ch\/wp-content\/uploads\/2017\/05\/DSC02634-1024x680.jpg 1024w, https:\/\/geranienwelt.ch\/wp-content\/uploads\/2017\/05\/DSC02634-301x200.jpg 301w\" sizes=\"(max-width: 300px) 100vw, 300px\" \/><\/a>\n\t\t\t<\/div><\/figure><figure class='gallery-item'>\n\t\t\t<div class='gallery-icon landscape'>\n\t\t\t\t<a href='https:\/\/geranienwelt.ch\/?attachment_id=180'><img width=\"300\" height=\"199\" src=\"https:\/\/geranienwelt.ch\/wp-content\/uploads\/2017\/05\/DSC02641-300x199.jpg\" class=\"attachment-medium size-medium\" alt=\"\" loading=\"lazy\" srcset=\"https:\/\/geranienwelt.ch\/wp-content\/uploads\/2017\/05\/DSC02641-300x199.jpg 300w, https:\/\/geranienwelt.ch\/wp-content\/uploads\/2017\/05\/DSC02641-768x510.jpg 768w, https:\/\/geranienwelt.ch\/wp-content\/uploads\/2017\/05\/DSC02641-1024x680.jpg 1024w, https:\/\/geranienwelt.ch\/wp-content\/uploads\/2017\/05\/DSC02641-301x200.jpg 301w\" sizes=\"(max-width: 300px) 100vw, 300px\" \/><\/a>\n\t\t\t<\/div><\/figure><figure class='gallery-item'>\n\t\t\t<div class='gallery-icon landscape'>\n\t\t\t\t<a href='https:\/\/geranienwelt.ch\/?attachment_id=183'><img width=\"300\" height=\"199\" src=\"https:\/\/geranienwelt.ch\/wp-content\/uploads\/2017\/05\/DSC02670-300x199.jpg\" class=\"attachment-medium size-medium\" alt=\"\" loading=\"lazy\" srcset=\"https:\/\/geranienwelt.ch\/wp-content\/uploads\/2017\/05\/DSC02670-300x199.jpg 300w, https:\/\/geranienwelt.ch\/wp-content\/uploads\/2017\/05\/DSC02670-768x510.jpg 768w, https:\/\/geranienwelt.ch\/wp-content\/uploads\/2017\/05\/DSC02670-1024x680.jpg 1024w, https:\/\/geranienwelt.ch\/wp-content\/uploads\/2017\/05\/DSC02670-301x200.jpg 301w\" sizes=\"(max-width: 300px) 100vw, 300px\" \/><\/a>\n\t\t\t<\/div><\/figure><figure class='gallery-item'>\n\t\t\t<div class='gallery-icon landscape'>\n\t\t\t\t<a href='https:\/\/geranienwelt.ch\/?attachment_id=182'><img width=\"300\" height=\"199\" src=\"https:\/\/geranienwelt.ch\/wp-content\/uploads\/2017\/05\/DSC02667-300x199.jpg\" class=\"attachment-medium size-medium\" alt=\"\" loading=\"lazy\" srcset=\"https:\/\/geranienwelt.ch\/wp-content\/uploads\/2017\/05\/DSC02667-300x199.jpg 300w, https:\/\/geranienwelt.ch\/wp-content\/uploads\/2017\/05\/DSC02667-768x510.jpg 768w, https:\/\/geranienwelt.ch\/wp-content\/uploads\/2017\/05\/DSC02667-1024x680.jpg 1024w, https:\/\/geranienwelt.ch\/wp-content\/uploads\/2017\/05\/DSC02667-301x200.jpg 301w\" sizes=\"(max-width: 300px) 100vw, 300px\" \/><\/a>\n\t\t\t<\/div><\/figure><figure class='gallery-item'>\n\t\t\t<div class='gallery-icon landscape'>\n\t\t\t\t<a href='https:\/\/geranienwelt.ch\/?attachment_id=178'><img width=\"300\" height=\"199\" src=\"https:\/\/geranienwelt.ch\/wp-content\/uploads\/2017\/05\/DSC02616-300x199.jpg\" class=\"attachment-medium size-medium\" alt=\"\" loading=\"lazy\" srcset=\"https:\/\/geranienwelt.ch\/wp-content\/uploads\/2017\/05\/DSC02616-300x199.jpg 300w, https:\/\/geranienwelt.ch\/wp-content\/uploads\/2017\/05\/DSC02616-768x510.jpg 768w, https:\/\/geranienwelt.ch\/wp-content\/uploads\/2017\/05\/DSC02616-1024x680.jpg 1024w, https:\/\/geranienwelt.ch\/wp-content\/uploads\/2017\/05\/DSC02616-301x200.jpg 301w\" sizes=\"(max-width: 300px) 100vw, 300px\" \/><\/a>\n\t\t\t<\/div><\/figure><figure class='gallery-item'>\n\t\t\t<div class='gallery-icon landscape'>\n\t\t\t\t<a href='https:\/\/geranienwelt.ch\/?attachment_id=184'><img width=\"300\" height=\"199\" src=\"https:\/\/geranienwelt.ch\/wp-content\/uploads\/2017\/05\/DSC02682-300x199.jpg\" class=\"attachment-medium size-medium\" alt=\"\" loading=\"lazy\" srcset=\"https:\/\/geranienwelt.ch\/wp-content\/uploads\/2017\/05\/DSC02682-300x199.jpg 300w, https:\/\/geranienwelt.ch\/wp-content\/uploads\/2017\/05\/DSC02682-768x510.jpg 768w, https:\/\/geranienwelt.ch\/wp-content\/uploads\/2017\/05\/DSC02682-1024x680.jpg 1024w, https:\/\/geranienwelt.ch\/wp-content\/uploads\/2017\/05\/DSC02682-301x200.jpg 301w\" sizes=\"(max-width: 300px) 100vw, 300px\" \/><\/a>\n\t\t\t<\/div><\/figure><figure class='gallery-item'>\n\t\t\t<div class='gallery-icon landscape'>\n\t\t\t\t<a href='https:\/\/geranienwelt.ch\/?attachment_id=185'><img width=\"300\" height=\"199\" src=\"https:\/\/geranienwelt.ch\/wp-content\/uploads\/2017\/05\/DSC02697-300x199.jpg\" class=\"attachment-medium size-medium\" alt=\"\" loading=\"lazy\" srcset=\"https:\/\/geranienwelt.ch\/wp-content\/uploads\/2017\/05\/DSC02697-300x199.jpg 300w, https:\/\/geranienwelt.ch\/wp-content\/uploads\/2017\/05\/DSC02697-768x510.jpg 768w, https:\/\/geranienwelt.ch\/wp-content\/uploads\/2017\/05\/DSC02697-1024x680.jpg 1024w, https:\/\/geranienwelt.ch\/wp-content\/uploads\/2017\/05\/DSC02697-301x200.jpg 301w\" sizes=\"(max-width: 300px) 100vw, 300px\" \/><\/a>\n\t\t\t<\/div><\/figure><figure class='gallery-item'>\n\t\t\t<div class='gallery-icon landscape'>\n\t\t\t\t<a href='https:\/\/geranienwelt.ch\/?attachment_id=186'><img width=\"300\" height=\"199\" src=\"https:\/\/geranienwelt.ch\/wp-content\/uploads\/2017\/05\/DSC02710-300x199.jpg\" class=\"attachment-medium size-medium\" alt=\"\" loading=\"lazy\" srcset=\"https:\/\/geranienwelt.ch\/wp-content\/uploads\/2017\/05\/DSC02710-300x199.jpg 300w, https:\/\/geranienwelt.ch\/wp-content\/uploads\/2017\/05\/DSC02710-768x510.jpg 768w, https:\/\/geranienwelt.ch\/wp-content\/uploads\/2017\/05\/DSC02710-1024x680.jpg 1024w, https:\/\/geranienwelt.ch\/wp-content\/uploads\/2017\/05\/DSC02710-301x200.jpg 301w\" sizes=\"(max-width: 300px) 100vw, 300px\" \/><\/a>\n\t\t\t<\/div><\/figure>\n\t\t<\/div>\n\n","protected":false},"excerpt":{"rendered":"<p>Das Geranium \u2013 eigentlich Pelargonium \u2013 ist eine Wildblume aus S\u00fcdafrika. Die Pflanze wurde mit einer holl\u00e4ndischen Schiffskompanie nach Europa eingeschifft. Aus den botanischen G\u00e4rten der Kolonialmacht&hellip; <span class=\"read-more\"><a class=\"more-link\" href=\"https:\/\/geranienwelt.ch\/?page_id=39\" rel=\"bookmark\"><span class=\"screen-reader-text\">&#8222;Das Geranium und die Schweiz&#8220;<\/span> weiterlesen<\/a><\/span><\/p>\n","protected":false},"author":1,"featured_media":13,"parent":0,"menu_order":0,"comment_status":"closed","ping_status":"closed","template":"","meta":[],"_links":{"self":[{"href":"https:\/\/geranienwelt.ch\/index.php?rest_route=\/wp\/v2\/pages\/39"}],"collection":[{"href":"https:\/\/geranienwelt.ch\/index.php?rest_route=\/wp\/v2\/pages"}],"about":[{"href":"https:\/\/geranienwelt.ch\/index.php?rest_route=\/wp\/v2\/types\/page"}],"author":[{"embeddable":true,"href":"https:\/\/geranienwelt.ch\/index.php?rest_route=\/wp\/v2\/users\/1"}],"replies":[{"embeddable":true,"href":"https:\/\/geranienwelt.ch\/index.php?rest_route=%2Fwp%2Fv2%2Fcomments&post=39"}],"version-history":[{"count":16,"href":"https:\/\/geranienwelt.ch\/index.php?rest_route=\/wp\/v2\/pages\/39\/revisions"}],"predecessor-version":[{"id":103642,"href":"https:\/\/geranienwelt.ch\/index.php?rest_route=\/wp\/v2\/pages\/39\/revisions\/103642"}],"wp:featuredmedia":[{"embeddable":true,"href":"https:\/\/geranienwelt.ch\/index.php?rest_route=\/wp\/v2\/media\/13"}],"wp:attachment":[{"href":"https:\/\/geranienwelt.ch\/index.php?rest_route=%2Fwp%2Fv2%2Fmedia&parent=39"}],"curies":[{"name":"wp","href":"https:\/\/api.w.org\/{rel}","templated":true}]}}